{"id":1131,"date":"2022-11-02T11:22:51","date_gmt":"2022-11-02T10:22:51","guid":{"rendered":"https:\/\/safetyshreddays.com\/?page_id=1131"},"modified":"2023-08-28T14:36:31","modified_gmt":"2023-08-28T12:36:31","slug":"medias","status":"publish","type":"page","link":"https:\/\/safetyshreddays.com\/en\/medias\/","title":{"rendered":"Medias"},"content":{"rendered":"<div data-elementor-type=\"wp-page\" data-elementor-id=\"1131\" class=\"elementor elementor-1131\">\n\t\t\t\t\t\t<section class=\"elementor-section elementor-top-section elementor-element elementor-element-dfd9deb elementor-section-full_width elementor-section-height-default elementor-section-height-default\" data-id=\"dfd9deb\" data-element_type=\"section\" data-e-type=\"section\">\n\t\t\t\t\t\t<div class=\"elementor-container elementor-column-gap-default\">\n\t\t\t\t\t<div class=\"elementor-column elementor-col-100 elementor-top-column elementor-element elementor-element-f991cb9\" data-id=\"f991cb9\" data-element_type=\"column\" data-e-type=\"column\">\n\t\t\t<div class=\"elementor-widget-wrap elementor-element-populated\">\n\t\t\t\t\t\t<div class=\"elementor-element elementor-element-f72465d elementor-widget elementor-widget-image\" data-id=\"f72465d\" data-element_type=\"widget\" data-e-type=\"widget\" data-widget_type=\"image.default\">\n\t\t\t\t<div class=\"elementor-widget-container\">\n\t\t\t\t\t\t\t\t\t\t\t\t\t\t\t<img fetchpriority=\"high\" decoding=\"async\" width=\"1280\" height=\"853\" src=\"https:\/\/safetyshreddays.com\/wp-content\/uploads\/2022\/11\/Francois-Marclay_SSD-CH_Day-1_57.jpg\" class=\"attachment-full size-full wp-image-1133\" alt=\"\" srcset=\"https:\/\/safetyshreddays.com\/wp-content\/uploads\/2022\/11\/Francois-Marclay_SSD-CH_Day-1_57.jpg 1280w, https:\/\/safetyshreddays.com\/wp-content\/uploads\/2022\/11\/Francois-Marclay_SSD-CH_Day-1_57-300x200.jpg 300w, https:\/\/safetyshreddays.com\/wp-content\/uploads\/2022\/11\/Francois-Marclay_SSD-CH_Day-1_57-1024x682.jpg 1024w, https:\/\/safetyshreddays.com\/wp-content\/uploads\/2022\/11\/Francois-Marclay_SSD-CH_Day-1_57-768x512.jpg 768w, https:\/\/safetyshreddays.com\/wp-content\/uploads\/2022\/11\/Francois-Marclay_SSD-CH_Day-1_57-18x12.jpg 18w, https:\/\/safetyshreddays.com\/wp-content\/uploads\/2022\/11\/Francois-Marclay_SSD-CH_Day-1_57-600x400.jpg 600w\" sizes=\"(max-width: 1280px) 100vw, 1280px\" \/>\t\t\t\t\t\t\t\t\t\t\t\t\t\t\t<\/div>\n\t\t\t\t<\/div>\n\t\t\t\t\t<\/div>\n\t\t<\/div>\n\t\t\t\t\t<\/div>\n\t\t<\/section>\n\t\t\t\t<section class=\"elementor-section elementor-top-section elementor-element elementor-element-7c38419 elementor-section-full_width elementor-section-height-default elementor-section-height-default\" data-id=\"7c38419\" data-element_type=\"section\" data-e-type=\"section\" data-settings=\"{&quot;background_background&quot;:&quot;classic&quot;}\">\n\t\t\t\t\t\t\t<div class=\"elementor-background-overlay\"><\/div>\n\t\t\t\t\t\t\t<div class=\"elementor-container elementor-column-gap-default\">\n\t\t\t\t\t<div class=\"elementor-column elementor-col-100 elementor-top-column elementor-element elementor-element-95cbee9\" data-id=\"95cbee9\" data-element_type=\"column\" data-e-type=\"column\">\n\t\t\t<div class=\"elementor-widget-wrap elementor-element-populated\">\n\t\t\t\t\t\t<div class=\"elementor-element elementor-element-28726b7 elementor-widget elementor-widget-page-title\" data-id=\"28726b7\" data-element_type=\"widget\" data-e-type=\"widget\" data-settings=\"{&quot;align&quot;:&quot;center&quot;}\" data-widget_type=\"page-title.default\">\n\t\t\t\t<div class=\"elementor-widget-container\">\n\t\t\t\t\t\t\t\n\t\t<div class=\"hfe-page-title hfe-page-title-wrapper elementor-widget-heading\">\n\n\t\t\t\t\t\t\t\t\t\t\t<a href=\"https:\/\/safetyshreddays.com\/en\">\n\t\t\t\t\t\t<h1 class=\"elementor-heading-title elementor-size-default\">\n\t\t\t\t\t\t\t\t\n\t\t\t\tMedias  \n\t\t\t<\/h1> \n\t\t\t\t\t\t\t\t\t<\/a>\n\t\t\t\t\t<\/div>\n\t\t\t\t\t\t<\/div>\n\t\t\t\t<\/div>\n\t\t\t\t<div class=\"elementor-element elementor-element-6e6ed38 elementor-widget elementor-widget-text-editor\" data-id=\"6e6ed38\" data-element_type=\"widget\" data-e-type=\"widget\" data-widget_type=\"text-editor.default\">\n\t\t\t\t<div class=\"elementor-widget-container\">\n\t\t\t\t\t\t\t\t\t<h4>Welcome to our Press Room!<\/h4>\t\t\t\t\t\t\t\t<\/div>\n\t\t\t\t<\/div>\n\t\t\t\t<div class=\"elementor-element elementor-element-afac2f2 elementor-widget elementor-widget-text-editor\" data-id=\"afac2f2\" data-element_type=\"widget\" data-e-type=\"widget\" data-widget_type=\"text-editor.default\">\n\t\t\t\t<div class=\"elementor-widget-container\">\n\t\t\t\t\t\t\t\t\t<h5>You will find here the links of the main media releases as well as all the information to cover the event.<\/h5>\t\t\t\t\t\t\t\t<\/div>\n\t\t\t\t<\/div>\n\t\t\t\t<div class=\"elementor-element elementor-element-022a1d2 elementor-widget elementor-widget-heading\" data-id=\"022a1d2\" data-element_type=\"widget\" data-e-type=\"widget\" data-widget_type=\"heading.default\">\n\t\t\t\t<div class=\"elementor-widget-container\">\n\t\t\t\t\t<h2 class=\"elementor-heading-title elementor-size-default\">2022 EDITION<\/h2>\t\t\t\t<\/div>\n\t\t\t\t<\/div>\n\t\t\t\t<section class=\"elementor-section elementor-inner-section elementor-element elementor-element-478a732 elementor-section-full_width elementor-section-height-default elementor-section-height-default\" data-id=\"478a732\" data-element_type=\"section\" data-e-type=\"section\">\n\t\t\t\t\t\t<div class=\"elementor-container elementor-column-gap-default\">\n\t\t\t\t\t<div class=\"elementor-column elementor-col-50 elementor-inner-column elementor-element elementor-element-e1a48b8\" data-id=\"e1a48b8\" data-element_type=\"column\" data-e-type=\"column\" data-settings=\"{&quot;background_background&quot;:&quot;classic&quot;}\">\n\t\t\t<div class=\"elementor-widget-wrap elementor-element-populated\">\n\t\t\t\t\t\t<div class=\"elementor-element elementor-element-5a9f933 elementor-widget elementor-widget-image\" data-id=\"5a9f933\" data-element_type=\"widget\" data-e-type=\"widget\" data-widget_type=\"image.default\">\n\t\t\t\t<div class=\"elementor-widget-container\">\n\t\t\t\t\t\t\t\t\t\t\t\t\t\t\t\t<a href=\"https:\/\/www.francetvinfo.fr\/replay-jt\/france-2\/20-heures\/jt-de-20h-du-samedi-8-janvier-2022_4889907.html%20\" target=\"_blank\" rel=\"noopener\">\n\t\t\t\t\t\t\t<img decoding=\"async\" src=\"https:\/\/safetyshreddays.com\/wp-content\/uploads\/elementor\/thumbs\/France-2-px44ha73ofe3ierqkg835pols9cg55vsmi4ajo76dc.png\" title=\"France 2\" alt=\"France 2\" loading=\"lazy\" \/>\t\t\t\t\t\t\t\t<\/a>\n\t\t\t\t\t\t\t\t\t\t\t\t\t\t\t<\/div>\n\t\t\t\t<\/div>\n\t\t\t\t\t<\/div>\n\t\t<\/div>\n\t\t\t\t<div class=\"elementor-column elementor-col-50 elementor-inner-column elementor-element elementor-element-c12449e\" data-id=\"c12449e\" data-element_type=\"column\" data-e-type=\"column\" data-settings=\"{&quot;background_background&quot;:&quot;classic&quot;}\">\n\t\t\t<div class=\"elementor-widget-wrap elementor-element-populated\">\n\t\t\t\t\t\t<div class=\"elementor-element elementor-element-097764d elementor-widget elementor-widget-image\" data-id=\"097764d\" data-element_type=\"widget\" data-e-type=\"widget\" data-widget_type=\"image.default\">\n\t\t\t\t<div class=\"elementor-widget-container\">\n\t\t\t\t\t\t\t\t\t\t\t\t\t\t\t\t<a href=\"https:\/\/www.ledauphine.com\/sport\/2022\/01\/04\/cela-devient-un-gros-evenement-le-safety-shred-days-organise-sa-4e-edition%20\" target=\"_blank\" rel=\"noopener\">\n\t\t\t\t\t\t\t<img decoding=\"async\" src=\"https:\/\/safetyshreddays.com\/wp-content\/uploads\/elementor\/thumbs\/Le-dauphine-px44hb4xv9fdu0qdeympq7g2dn7tcuziymrs0y5s74.png\" title=\"Le dauphine\u0301\" alt=\"Le dauphine\u0301\" loading=\"lazy\" \/>\t\t\t\t\t\t\t\t<\/a>\n\t\t\t\t\t\t\t\t\t\t\t\t\t\t\t<\/div>\n\t\t\t\t<\/div>\n\t\t\t\t\t<\/div>\n\t\t<\/div>\n\t\t\t\t\t<\/div>\n\t\t<\/section>\n\t\t\t\t<section class=\"elementor-section elementor-inner-section elementor-element elementor-element-20b30b2 elementor-section-full_width elementor-section-height-default elementor-section-height-default\" data-id=\"20b30b2\" data-element_type=\"section\" data-e-type=\"section\">\n\t\t\t\t\t\t<div class=\"elementor-container elementor-column-gap-default\">\n\t\t\t\t\t<div class=\"elementor-column elementor-col-50 elementor-inner-column elementor-element elementor-element-291be68\" data-id=\"291be68\" data-element_type=\"column\" data-e-type=\"column\" data-settings=\"{&quot;background_background&quot;:&quot;classic&quot;}\">\n\t\t\t<div class=\"elementor-widget-wrap elementor-element-populated\">\n\t\t\t\t\t\t<div class=\"elementor-element elementor-element-9fd149a elementor-widget elementor-widget-image\" data-id=\"9fd149a\" data-element_type=\"widget\" data-e-type=\"widget\" data-widget_type=\"image.default\">\n\t\t\t\t<div class=\"elementor-widget-container\">\n\t\t\t\t\t\t\t\t\t\t\t\t\t\t\t\t<a href=\"https:\/\/www.snowsurf.com\/actu-safety-shred-days-2022-est-cette-semaine%20\" target=\"_blank\" rel=\"noopener\">\n\t\t\t\t\t\t\t<img decoding=\"async\" src=\"https:\/\/safetyshreddays.com\/wp-content\/uploads\/elementor\/thumbs\/Snowsurf-px44hewamlkczhdmi6nhg1qwn160tvt3j3qdc61q0w.png\" title=\"Snowsurf\" alt=\"Snowsurf\" loading=\"lazy\" \/>\t\t\t\t\t\t\t\t<\/a>\n\t\t\t\t\t\t\t\t\t\t\t\t\t\t\t<\/div>\n\t\t\t\t<\/div>\n\t\t\t\t\t<\/div>\n\t\t<\/div>\n\t\t\t\t<div class=\"elementor-column elementor-col-50 elementor-inner-column elementor-element elementor-element-b24bb53\" data-id=\"b24bb53\" data-element_type=\"column\" data-e-type=\"column\" data-settings=\"{&quot;background_background&quot;:&quot;classic&quot;}\">\n\t\t\t<div class=\"elementor-widget-wrap elementor-element-populated\">\n\t\t\t\t\t\t<div class=\"elementor-element elementor-element-eac014c elementor-widget elementor-widget-image\" data-id=\"eac014c\" data-element_type=\"widget\" data-e-type=\"widget\" data-widget_type=\"image.default\">\n\t\t\t\t<div class=\"elementor-widget-container\">\n\t\t\t\t\t\t\t\t\t\t\t\t\t\t\t\t<a href=\"https:\/\/madame.lefigaro.fr\/bien-etre\/safety-shred-days-interview-victor-daviet-laura-pasquier-la-rosiere-avalanche-montagne-130122-210259%20\" target=\"_blank\" rel=\"noopener\">\n\t\t\t\t\t\t\t<img decoding=\"async\" src=\"https:\/\/safetyshreddays.com\/wp-content\/uploads\/elementor\/thumbs\/Madame-px44hc2s23go5mp09h1cap7iz136kk39arf9i84e0w.png\" title=\"Madame\" alt=\"Madame\" loading=\"lazy\" \/>\t\t\t\t\t\t\t\t<\/a>\n\t\t\t\t\t\t\t\t\t\t\t\t\t\t\t<\/div>\n\t\t\t\t<\/div>\n\t\t\t\t\t<\/div>\n\t\t<\/div>\n\t\t\t\t\t<\/div>\n\t\t<\/section>\n\t\t\t\t<section class=\"elementor-section elementor-inner-section elementor-element elementor-element-0e9b897 elementor-section-full_width elementor-section-height-default elementor-section-height-default\" data-id=\"0e9b897\" data-element_type=\"section\" data-e-type=\"section\">\n\t\t\t\t\t\t<div class=\"elementor-container elementor-column-gap-default\">\n\t\t\t\t\t<div class=\"elementor-column elementor-col-50 elementor-inner-column elementor-element elementor-element-a67a94e\" data-id=\"a67a94e\" data-element_type=\"column\" data-e-type=\"column\" data-settings=\"{&quot;background_background&quot;:&quot;classic&quot;}\">\n\t\t\t<div class=\"elementor-widget-wrap elementor-element-populated\">\n\t\t\t\t\t\t<div class=\"elementor-element elementor-element-d5936e0 elementor-widget elementor-widget-image\" data-id=\"d5936e0\" data-element_type=\"widget\" data-e-type=\"widget\" data-widget_type=\"image.default\">\n\t\t\t\t<div class=\"elementor-widget-container\">\n\t\t\t\t\t\t\t\t\t\t\t\t\t\t\t\t<a href=\"https:\/\/youtu.be\/Wrl6IilBQA0%20\" target=\"_blank\" rel=\"noopener\">\n\t\t\t\t\t\t\t<img decoding=\"async\" src=\"https:\/\/safetyshreddays.com\/wp-content\/uploads\/elementor\/thumbs\/Mordu-px44hd0m8xhyh8nn3zfyv6yzkeyjs96zmw2qzi2zuo.png\" title=\"Mordu\" alt=\"Mordu\" loading=\"lazy\" \/>\t\t\t\t\t\t\t\t<\/a>\n\t\t\t\t\t\t\t\t\t\t\t\t\t\t\t<\/div>\n\t\t\t\t<\/div>\n\t\t\t\t\t<\/div>\n\t\t<\/div>\n\t\t\t\t<div class=\"elementor-column elementor-col-50 elementor-inner-column elementor-element elementor-element-a3e8ce5\" data-id=\"a3e8ce5\" data-element_type=\"column\" data-e-type=\"column\" data-settings=\"{&quot;background_background&quot;:&quot;classic&quot;}\">\n\t\t\t<div class=\"elementor-widget-wrap elementor-element-populated\">\n\t\t\t\t\t\t<div class=\"elementor-element elementor-element-d50cfd1 elementor-widget elementor-widget-image\" data-id=\"d50cfd1\" data-element_type=\"widget\" data-e-type=\"widget\" data-widget_type=\"image.default\">\n\t\t\t\t<div class=\"elementor-widget-container\">\n\t\t\t\t\t\t\t\t\t\t\t\t\t\t\t\t<a href=\"https:\/\/www.letemps.ch\/sport\/sensibiliser-un-devoir-moral-snowboarders-professionnels\" target=\"_blank\" rel=\"noopener\">\n\t\t\t\t\t\t\t<img decoding=\"async\" width=\"906\" height=\"134\" src=\"https:\/\/safetyshreddays.com\/wp-content\/uploads\/2022\/11\/Le-temps.png\" class=\"attachment-full size-full wp-image-1136\" alt=\"\" srcset=\"https:\/\/safetyshreddays.com\/wp-content\/uploads\/2022\/11\/Le-temps.png 906w, https:\/\/safetyshreddays.com\/wp-content\/uploads\/2022\/11\/Le-temps-300x44.png 300w, https:\/\/safetyshreddays.com\/wp-content\/uploads\/2022\/11\/Le-temps-768x114.png 768w, https:\/\/safetyshreddays.com\/wp-content\/uploads\/2022\/11\/Le-temps-18x3.png 18w, https:\/\/safetyshreddays.com\/wp-content\/uploads\/2022\/11\/Le-temps-600x89.png 600w\" sizes=\"(max-width: 906px) 100vw, 906px\" \/>\t\t\t\t\t\t\t\t<\/a>\n\t\t\t\t\t\t\t\t\t\t\t\t\t\t\t<\/div>\n\t\t\t\t<\/div>\n\t\t\t\t\t<\/div>\n\t\t<\/div>\n\t\t\t\t\t<\/div>\n\t\t<\/section>\n\t\t\t\t<div class=\"elementor-element elementor-element-e064792 elementor-widget elementor-widget-heading\" data-id=\"e064792\" data-element_type=\"widget\" data-e-type=\"widget\" data-widget_type=\"heading.default\">\n\t\t\t\t<div class=\"elementor-widget-container\">\n\t\t\t\t\t<h2 class=\"elementor-heading-title elementor-size-default\">Spread the word about safety shred days!<\/h2>\t\t\t\t<\/div>\n\t\t\t\t<\/div>\n\t\t\t\t<div class=\"elementor-element elementor-element-c648960 elementor-widget elementor-widget-text-editor\" data-id=\"c648960\" data-element_type=\"widget\" data-e-type=\"widget\" data-widget_type=\"text-editor.default\">\n\t\t\t\t<div class=\"elementor-widget-container\">\n\t\t\t\t\t\t\t\t\t<h5>You are a media and want to talk about the safety shred days? Send an e-mail to the following address, our team will be happy to answer you:<\/h5>\n<p><\/p>\n<h5>French Edition : emilie@becauseweare.fr<\/h5>\n<h5>Swiss Edition : flora@safetyshreddays.com<\/h5>\t\t\t\t\t\t\t\t<\/div>\n\t\t\t\t<\/div>\n\t\t\t\t\t<\/div>\n\t\t<\/div>\n\t\t\t\t\t<\/div>\n\t\t<\/section>\n\t\t\t\t<\/div>","protected":false},"excerpt":{"rendered":"<p>Medias Bienvenue dans notre Press Room! Vous trouverez ici les liens des grandes parutions m\u00e9dias ainsi que toutes les informations pour couvrir l&rsquo;\u00e9v\u00e9nement. \u00c9dition 2022 Faites parler des safety shred days! Vous \u00eates un m\u00e9dia et souhaitez parler et faire parler les safety shred days? Envoyez un e-mail \u00e0 l&rsquo;adresse suivante, notre \u00e9quipe se fera [&hellip;]<\/p>\n","protected":false},"author":1,"featured_media":0,"parent":0,"menu_order":0,"comment_status":"closed","ping_status":"closed","template":"","meta":{"om_disable_all_campaigns":false,"footnotes":""},"class_list":["post-1131","page","type-page","status-publish","hentry"],"_links":{"self":[{"href":"https:\/\/safetyshreddays.com\/en\/wp-json\/wp\/v2\/pages\/1131","targetHints":{"allow":["GET"]}}],"collection":[{"href":"https:\/\/safetyshreddays.com\/en\/wp-json\/wp\/v2\/pages"}],"about":[{"href":"https:\/\/safetyshreddays.com\/en\/wp-json\/wp\/v2\/types\/page"}],"author":[{"embeddable":true,"href":"https:\/\/safetyshreddays.com\/en\/wp-json\/wp\/v2\/users\/1"}],"replies":[{"embeddable":true,"href":"https:\/\/safetyshreddays.com\/en\/wp-json\/wp\/v2\/comments?post=1131"}],"version-history":[{"count":44,"href":"https:\/\/safetyshreddays.com\/en\/wp-json\/wp\/v2\/pages\/1131\/revisions"}],"predecessor-version":[{"id":1428,"href":"https:\/\/safetyshreddays.com\/en\/wp-json\/wp\/v2\/pages\/1131\/revisions\/1428"}],"wp:attachment":[{"href":"https:\/\/safetyshreddays.com\/en\/wp-json\/wp\/v2\/media?parent=1131"}],"curies":[{"name":"wp","href":"https:\/\/api.w.org\/{rel}","templated":true}]}}