{"id":2245,"date":"2026-03-23T11:47:49","date_gmt":"2026-03-23T10:47:49","guid":{"rendered":"https:\/\/safetyshreddays.com\/?page_id=2245"},"modified":"2026-03-23T15:36:07","modified_gmt":"2026-03-23T14:36:07","slug":"edition-canada","status":"publish","type":"page","link":"https:\/\/safetyshreddays.com\/en\/edition-canada\/","title":{"rendered":"Edition Canada"},"content":{"rendered":"<div data-elementor-type=\"wp-page\" data-elementor-id=\"2245\" class=\"elementor elementor-2245\">\n\t\t\t\t\t\t<section class=\"elementor-section elementor-top-section elementor-element elementor-element-3602991a elementor-section-full_width elementor-section-height-default elementor-section-height-default\" data-id=\"3602991a\" data-element_type=\"section\" data-e-type=\"section\" data-settings=\"{&quot;background_background&quot;:&quot;classic&quot;}\">\n\t\t\t\t\t\t<div class=\"elementor-container elementor-column-gap-default\">\n\t\t\t\t\t<div class=\"elementor-column elementor-col-100 elementor-top-column elementor-element elementor-element-1f432e0\" data-id=\"1f432e0\" data-element_type=\"column\" data-e-type=\"column\">\n\t\t\t<div class=\"elementor-widget-wrap elementor-element-populated\">\n\t\t\t\t\t\t<div class=\"elementor-element elementor-element-7dd199e4 elementor-widget elementor-widget-heading\" data-id=\"7dd199e4\" data-element_type=\"widget\" data-e-type=\"widget\" data-widget_type=\"heading.default\">\n\t\t\t\t<div class=\"elementor-widget-container\">\n\t\t\t\t\t<div class=\"elementor-heading-title elementor-size-default\">Canadian Edition<\/div>\t\t\t\t<\/div>\n\t\t\t\t<\/div>\n\t\t\t\t<div class=\"elementor-element elementor-element-3c961562 elementor-widget elementor-widget-text-editor\" data-id=\"3c961562\" data-element_type=\"widget\" data-e-type=\"widget\" data-widget_type=\"text-editor.default\">\n\t\t\t\t<div class=\"elementor-widget-container\">\n\t\t\t\t\t\t\t\t\t<h4>April 6th, 2026<\/h4>\t\t\t\t\t\t\t\t<\/div>\n\t\t\t\t<\/div>\n\t\t\t\t<div class=\"elementor-element elementor-element-1f30e9bc elementor-align-center elementor-icon-list--layout-traditional elementor-list-item-link-full_width elementor-widget elementor-widget-icon-list\" data-id=\"1f30e9bc\" data-element_type=\"widget\" data-e-type=\"widget\" data-widget_type=\"icon-list.default\">\n\t\t\t\t<div class=\"elementor-widget-container\">\n\t\t\t\t\t\t\t<ul class=\"elementor-icon-list-items\">\n\t\t\t\t\t\t\t<li class=\"elementor-icon-list-item\">\n\t\t\t\t\t\t\t\t\t\t\t<span class=\"elementor-icon-list-icon\">\n\t\t\t\t\t\t\t<i aria-hidden=\"true\" class=\"fas fa-map-marker-alt\"><\/i>\t\t\t\t\t\t<\/span>\n\t\t\t\t\t\t\t\t\t\t<span class=\"elementor-icon-list-text\">Whistler, BC - Canada<\/span>\n\t\t\t\t\t\t\t\t\t<\/li>\n\t\t\t\t\t\t<\/ul>\n\t\t\t\t\t\t<\/div>\n\t\t\t\t<\/div>\n\t\t\t\t\t<\/div>\n\t\t<\/div>\n\t\t\t\t\t<\/div>\n\t\t<\/section>\n\t\t\t\t<section class=\"elementor-section elementor-top-section elementor-element elementor-element-70b0204b elementor-section-full_width elementor-section-height-default elementor-section-height-default\" data-id=\"70b0204b\" data-element_type=\"section\" data-e-type=\"section\" data-settings=\"{&quot;background_background&quot;:&quot;classic&quot;}\">\n\t\t\t\t\t\t\t<div class=\"elementor-background-overlay\"><\/div>\n\t\t\t\t\t\t\t<div class=\"elementor-container elementor-column-gap-default\">\n\t\t\t\t\t<div class=\"elementor-column elementor-col-100 elementor-top-column elementor-element elementor-element-5299b051\" data-id=\"5299b051\" data-element_type=\"column\" data-e-type=\"column\">\n\t\t\t<div class=\"elementor-widget-wrap elementor-element-populated\">\n\t\t\t\t\t\t<section class=\"elementor-section elementor-inner-section elementor-element elementor-element-443a3ccf elementor-section-boxed elementor-section-height-default elementor-section-height-default\" data-id=\"443a3ccf\" data-element_type=\"section\" data-e-type=\"section\">\n\t\t\t\t\t\t<div class=\"elementor-container elementor-column-gap-default\">\n\t\t\t\t\t<div class=\"elementor-column elementor-col-100 elementor-inner-column elementor-element elementor-element-774f706c\" data-id=\"774f706c\" data-element_type=\"column\" data-e-type=\"column\">\n\t\t\t<div class=\"elementor-widget-wrap elementor-element-populated\">\n\t\t\t\t\t\t<div class=\"elementor-element elementor-element-6159e42d elementor-widget elementor-widget-text-editor\" data-id=\"6159e42d\" data-element_type=\"widget\" data-e-type=\"widget\" data-widget_type=\"text-editor.default\">\n\t\t\t\t<div class=\"elementor-widget-container\">\n\t\t\t\t\t\t\t\t\t<h5>The Safety Shred Days are crossing the Atlantic for their first edition in Canada!<\/h5>\n<p>For 8 years in France, Safety Shred Days has brought together freeride enthusiasts looking to learn how to ride safely. The event has become a key reference for mountain safety in Europe. This year, Safety Shred Days will take place for the first time in Whistler, a prime freeride destination in Canada, as part of the World Ski &amp; Snowboard Festival.&nbsp;<\/p><p>The format: a full-day immersive experience for riders of all levels, with on-snow workshops, hands-on scenarios, and interactions with mountain professionals. Avalanche awareness, decision-making, and risk management : the focus is on practical, real-world experience in this condensed format.&nbsp;<\/p>\t\t\t\t\t\t\t\t<\/div>\n\t\t\t\t<\/div>\n\t\t\t\t<div class=\"elementor-element elementor-element-c3f400c elementor-align-center elementor-widget elementor-widget-button\" data-id=\"c3f400c\" data-element_type=\"widget\" data-e-type=\"widget\" data-widget_type=\"button.default\">\n\t\t\t\t<div class=\"elementor-widget-container\">\n\t\t\t\t\t\t\t\t\t<div class=\"elementor-button-wrapper\">\n\t\t\t\t\t<a class=\"elementor-button elementor-button-link elementor-size-sm\" href=\"https:\/\/wssf.com\/sports\/\" target=\"_blank\" rel=\"noopener\">\n\t\t\t\t\t\t<span class=\"elementor-button-content-wrapper\">\n\t\t\t\t\t\t\t\t\t<span class=\"elementor-button-text\">Register<\/span>\n\t\t\t\t\t<\/span>\n\t\t\t\t\t<\/a>\n\t\t\t\t<\/div>\n\t\t\t\t\t\t\t\t<\/div>\n\t\t\t\t<\/div>\n\t\t\t\t<div class=\"elementor-element elementor-element-5cc4b9aa elementor-widget elementor-widget-text-editor\" data-id=\"5cc4b9aa\" data-element_type=\"widget\" data-e-type=\"widget\" data-widget_type=\"text-editor.default\">\n\t\t\t\t<div class=\"elementor-widget-container\">\n\t\t\t\t\t\t\t\t\t<div title=\"Page 5\">\n<div title=\"Page 6\">\n<div title=\"Page 6\">\n<div>\n<h4 style=\"letter-spacing: normal;\">MONDAY APRIL 6: MOUNTAIN SKILLS SESSION BY ARC'TERYX<\/h4>\n<p><span style=\"letter-spacing: 0px;\"><b>Location:<\/b> The Adventure Group, Whistler Blackcomb.&nbsp;<\/span><\/p>\n<p>Start of the day: 8:00 AM (check-in). Sessions: 8:30 AM \u2013 3:00 PM<\/p>\n<p>The <b>Mountain Skills<\/b> Mountain Skills sessions are designed for <b>intermediate to advanced <\/b>looking to improve their safety skills, decision-making, and emergency response in mountain environments.<\/p>\n<p>Participants will spend the day working through hands-on, guide-led clinics focused on practical backcountry safety skills, including:<\/p>\n<ul>\n<li>\n<p>Crevasse rescue and rope systems for glaciated and high-alpine terrain<\/p>\n<\/li>\n<li>\n<p>Wilderness first aid scenarios, including improvised splinting, hypothermia management, and emergency evacuation decisions<\/p>\n<\/li>\n<li>\n<p>Companion rescue techniques for avalanche incidents, including modern transceiver search strategies, probing, and efficient shovelling methods<\/p>\n<\/li>\n<\/ul>\n<p>The emphasis is on real-world application: how to communicate clearly, respond quickly, and manage emergencies with the tools already in your pack.<\/p>\n<p>You won\u2019t leave with a formal credential; the focus is on practical application, communication under stress, and building habits that transfer directly into backcountry and sidecountry environments.<\/p>\n<h5>Registration for Mountain Skills Session includes:<\/h5>\n<ul>\n<li>Morning coffee &amp; pastries<\/li>\n<li>Practical and theoretical training led by certified guides<\/li>\n<li>Access to the \"Safety Shred Days\" apres<\/li>\n<\/ul>\n<h5>Material :<\/h5>\n<ul>\n<li><span style=\"background-color: transparent;\">Mountain safety gear (transceiver, shovel, probe, backpack). Loan possible on site, subject to availability.<\/span><\/li>\n<li>Warm clothing<\/li>\n<\/ul>\n<div>&nbsp;<\/div>\n<h4 style=\"letter-spacing: normal;\">MONDAY APRIL 6TH: SAFETY SHRED DAY COMMUNITY APRES BY ARC'TERYX<\/h4>\n<div>Wrap the day with good people, good food, and a proper mountain wind-down.<b>&nbsp;<\/b>The Safety Shred Days Community Apr\u00e8s is open to Whistler locals and riders who want to connect after a day focused on mountain safety. Whether you participated in the sessions or just want to be part of the gathering, this is your chance to meet guides, athletes, and fellow mountain users in a relaxed, low-key setting at TAG.&nbsp;<\/div>\n<p><span style=\"background-color: transparent; font-size: 26px; font-weight: 800;\">Registration to the SSD Community Apr\u00e8s includes:<\/span><\/p>\n<ul>\n<li>\n<p>Full access to the gathering<\/p>\n<\/li>\n<li>\n<p>Round-trip shuttle from Whistler Village to TAG base<\/p>\n<\/li>\n<li>\n<p>DJ on site<\/p>\n<\/li>\n<li>\n<p>A chance to win prizes from Arc\u2019teryx, YETI, Gibbons Whistler and King\u2019s Hawaiian<\/p>\n<\/li>\n<\/ul>\n<p>Limited spots.<\/p>\n<\/div>\n<div>\n<div>&nbsp;<\/div>\n<\/div>\n<\/div>\n<\/div>\n<\/div>\t\t\t\t\t\t\t\t<\/div>\n\t\t\t\t<\/div>\n\t\t\t\t\t<\/div>\n\t\t<\/div>\n\t\t\t\t\t<\/div>\n\t\t<\/section>\n\t\t\t\t<section class=\"elementor-section elementor-inner-section elementor-element elementor-element-ecd31b6 elementor-section-full_width elementor-section-height-default elementor-section-height-default\" data-id=\"ecd31b6\" data-element_type=\"section\" data-e-type=\"section\">\n\t\t\t\t\t\t<div class=\"elementor-container elementor-column-gap-default\">\n\t\t\t\t\t<div class=\"elementor-column elementor-col-50 elementor-inner-column elementor-element elementor-element-71a47428\" data-id=\"71a47428\" data-element_type=\"column\" data-e-type=\"column\">\n\t\t\t<div class=\"elementor-widget-wrap elementor-element-populated\">\n\t\t\t\t\t\t<div class=\"elementor-element elementor-element-133d9e86 elementor-widget elementor-widget-image\" data-id=\"133d9e86\" data-element_type=\"widget\" data-e-type=\"widget\" data-widget_type=\"image.default\">\n\t\t\t\t<div class=\"elementor-widget-container\">\n\t\t\t\t\t\t\t\t\t\t\t\t\t\t\t<img fetchpriority=\"high\" decoding=\"async\" width=\"800\" height=\"534\" src=\"https:\/\/safetyshreddays.com\/wp-content\/uploads\/2022\/08\/atelier-pelle-1024x683.jpg\" class=\"attachment-large size-large wp-image-180\" alt=\"\" srcset=\"https:\/\/safetyshreddays.com\/wp-content\/uploads\/2022\/08\/atelier-pelle-1024x683.jpg 1024w, https:\/\/safetyshreddays.com\/wp-content\/uploads\/2022\/08\/atelier-pelle-300x200.jpg 300w, https:\/\/safetyshreddays.com\/wp-content\/uploads\/2022\/08\/atelier-pelle-768x512.jpg 768w, https:\/\/safetyshreddays.com\/wp-content\/uploads\/2022\/08\/atelier-pelle-1536x1024.jpg 1536w, https:\/\/safetyshreddays.com\/wp-content\/uploads\/2022\/08\/atelier-pelle-600x400.jpg 600w, https:\/\/safetyshreddays.com\/wp-content\/uploads\/2022\/08\/atelier-pelle.jpg 1980w\" sizes=\"(max-width: 800px) 100vw, 800px\" \/>\t\t\t\t\t\t\t\t\t\t\t\t\t\t\t<\/div>\n\t\t\t\t<\/div>\n\t\t\t\t\t<\/div>\n\t\t<\/div>\n\t\t\t\t<div class=\"elementor-column elementor-col-50 elementor-inner-column elementor-element elementor-element-15fafb18\" data-id=\"15fafb18\" data-element_type=\"column\" data-e-type=\"column\">\n\t\t\t<div class=\"elementor-widget-wrap elementor-element-populated\">\n\t\t\t\t\t\t<div class=\"elementor-element elementor-element-9bb1282 elementor-align-center elementor-widget elementor-widget-button\" data-id=\"9bb1282\" data-element_type=\"widget\" data-e-type=\"widget\" data-widget_type=\"button.default\">\n\t\t\t\t<div class=\"elementor-widget-container\">\n\t\t\t\t\t\t\t\t\t<div class=\"elementor-button-wrapper\">\n\t\t\t\t\t<a class=\"elementor-button elementor-button-link elementor-size-md\" href=\"https:\/\/wssf.com\/sports\/\" target=\"_blank\" rel=\"noopener\">\n\t\t\t\t\t\t<span class=\"elementor-button-content-wrapper\">\n\t\t\t\t\t\t\t\t\t<span class=\"elementor-button-text\">Register<\/span>\n\t\t\t\t\t<\/span>\n\t\t\t\t\t<\/a>\n\t\t\t\t<\/div>\n\t\t\t\t\t\t\t\t<\/div>\n\t\t\t\t<\/div>\n\t\t\t\t\t<\/div>\n\t\t<\/div>\n\t\t\t\t\t<\/div>\n\t\t<\/section>\n\t\t\t\t\t<\/div>\n\t\t<\/div>\n\t\t\t\t\t<\/div>\n\t\t<\/section>\n\t\t\t\t<section class=\"elementor-section elementor-top-section elementor-element elementor-element-366e2f7f elementor-section-boxed elementor-section-height-default elementor-section-height-default\" data-id=\"366e2f7f\" data-element_type=\"section\" data-e-type=\"section\">\n\t\t\t\t\t\t<div class=\"elementor-container elementor-column-gap-default\">\n\t\t\t\t\t<div class=\"elementor-column elementor-col-100 elementor-top-column elementor-element elementor-element-5c79e6dd\" data-id=\"5c79e6dd\" data-element_type=\"column\" data-e-type=\"column\">\n\t\t\t<div class=\"elementor-widget-wrap\">\n\t\t\t\t\t\t\t<\/div>\n\t\t<\/div>\n\t\t\t\t\t<\/div>\n\t\t<\/section>\n\t\t\t\t<\/div>","protected":false},"excerpt":{"rendered":"<p>\u00e9dition CANADA 6 avril 2026 Whistler, BC &#8211; Canada Les Safety Shred Days s&rsquo;exportent outre-atlantique pour une premiere \u00e9dition au Canada ! Depuis 8 ans en France, les Safety Shred Days rassemblent les passionn\u00e9s de freeride souhaitant se former pour rider en toute s\u00e9curit\u00e9. L\u2019\u00e9v\u00e9nement est devenu un rendez-vous de r\u00e9f\u00e9rence pour la s\u00e9curit\u00e9 en [&hellip;]<\/p>\n","protected":false},"author":1,"featured_media":0,"parent":0,"menu_order":0,"comment_status":"closed","ping_status":"closed","template":"elementor_header_footer","meta":{"om_disable_all_campaigns":false,"footnotes":""},"class_list":["post-2245","page","type-page","status-publish","hentry"],"_links":{"self":[{"href":"https:\/\/safetyshreddays.com\/en\/wp-json\/wp\/v2\/pages\/2245","targetHints":{"allow":["GET"]}}],"collection":[{"href":"https:\/\/safetyshreddays.com\/en\/wp-json\/wp\/v2\/pages"}],"about":[{"href":"https:\/\/safetyshreddays.com\/en\/wp-json\/wp\/v2\/types\/page"}],"author":[{"embeddable":true,"href":"https:\/\/safetyshreddays.com\/en\/wp-json\/wp\/v2\/users\/1"}],"replies":[{"embeddable":true,"href":"https:\/\/safetyshreddays.com\/en\/wp-json\/wp\/v2\/comments?post=2245"}],"version-history":[{"count":23,"href":"https:\/\/safetyshreddays.com\/en\/wp-json\/wp\/v2\/pages\/2245\/revisions"}],"predecessor-version":[{"id":2271,"href":"https:\/\/safetyshreddays.com\/en\/wp-json\/wp\/v2\/pages\/2245\/revisions\/2271"}],"wp:attachment":[{"href":"https:\/\/safetyshreddays.com\/en\/wp-json\/wp\/v2\/media?parent=2245"}],"curies":[{"name":"wp","href":"https:\/\/api.w.org\/{rel}","templated":true}]}}